{"id":1703,"date":"2021-10-19T09:07:27","date_gmt":"2021-10-19T07:07:27","guid":{"rendered":"http:\/\/sportoveotuzovanie.sk\/?page_id=1703"},"modified":"2026-03-07T08:16:50","modified_gmt":"2026-03-07T07:16:50","slug":"historia-dialkove-plavanie-a-otuzovanie","status":"publish","type":"page","link":"https:\/\/sportoveotuzovanie.sk\/historia-dialkove-plavanie-a-otuzovanie\/","title":{"rendered":"Hist\u00f3ria dia\u013ekov\u00e9 pl\u00e1vanie a otu\u017eovanie"},"content":{"rendered":"<p>Hist\u00f3ria<\/p>\n<p>Ka\u017ed\u00fd \u0161port ma svoj v\u00fdvoj v \u010dase a je dobr\u00e9 sa v\u017edy obzrie\u0165 dozadu, \u010do tu u\u017e bolo, aby sme nevym\u00fd\u0161\u013eali koleso nanovo. Taktie\u017e je to priestor pre vzdanie holdu priekopn\u00edkom n\u00e1\u0161ho \u0161portu.<\/p>\n<p><a href=\"https:\/\/sportoveotuzovanie.sk\/wp-content\/uploads\/2019\/11\/Dejiny_otuzovanianaslovensku.pdf\">Dejiny otu\u017eovania na Slovensku<\/a> &#8211; MUDr. Jozef Makai 2006<\/p>\n<p><a href=\"https:\/\/sportoveotuzovanie.sk\/wp-content\/uploads\/2025\/01\/LMB-historia-osobnosti-podujatia-metodika.pdf\">\u013dMB hist\u00f3ria osobnosti podujatia metodika<\/a> &#8211; PaedDr. Radovan Hlastk\u00fd 2009<\/p>\n<p><a href=\"https:\/\/sportoveotuzovanie.sk\/wp-content\/uploads\/2019\/11\/Dialkove-Plavanie-1977.pdf\">DIA\u013dKOV\u00c9 PL\u00c1VANIE<\/a> &#8211; Doc. Dr. Franti\u0161ek Chorv\u00e1t, CSc. a Ing. Boris Ferjen\u010d\u00edk vydan\u00e9 ako bulletin,\u00a0 bro\u017e\u00fara, vydan\u00e9 TJ Slav\u00edn Bratislava v spolupr\u00e1ci s KDP S\u00daV \u010cSZTV 1977<\/p>\n<p><a href=\"https:\/\/sportoveotuzovanie.sk\/wp-content\/uploads\/2019\/11\/Metodika-Otuzovania.pdf\">Metodika Otu\u017eovan\u00ed<\/a> &#8211; MUDr. Jaroslav Nov\u00e1k, MUDr. V\u00e1clav Zeman, \u00dastav t\u011blov\u00fdchovn\u00e9ho l\u00e9k\u00e1\u0159stv\u00ed LF UK, Plze\u0148 &#8211; publikovan\u00e9 v Medodick\u00e9 listy \u010d. 3\/79 &#8211; Vydal S\u00daV \u010cSZTV, vedeckometodick\u00e9 oddelenie<\/p>\n<p><a href=\"https:\/\/sportoveotuzovanie.sk\/wp-content\/uploads\/2019\/11\/Sportovni-Otuzovani.pdf\">Sportovn\u00ed Otu\u017eov\u00e1n\u00ed<\/a> &#8211; MUDr. Jaroslav Nov\u00e1k, \u00dastav t\u011blov\u00fdchovn\u00e9ho l\u00e9k\u00e1\u0159stv\u00ed L\u00e9ka\u0159sk\u00e9 fakulty Plze\u0148<\/p>\n<p><a href=\"https:\/\/sportoveotuzovanie.sk\/wp-content\/uploads\/2019\/11\/Rozvoj-dalkoveho-plavani-v-CSSR.pdf\">Rozvoj D\u00e1lkov\u00e9ho plavan\u00ed v \u010cSSR<\/a> &#8211; MUDr. Jaroslav Nov\u00e1k, \u00dastav t\u011blov\u00fdchovn\u00e9ho l\u00e9k\u00e1\u0159stv\u00ed L\u00e9ka\u0159sk\u00e9 fakulty Plze\u0148<\/p>\n<p><a href=\"https:\/\/sportoveotuzovanie.sk\/wp-content\/uploads\/2019\/11\/Stravovanie.pdf\">V\u00fd\u017eiva &#8211; zn\u00e1ma, nezn\u00e1ma<\/a> &#8211; MUDr. Robert Dinka, MUDr. Michal Hol\u00e1\u0148<\/p>\n<p>&nbsp;<\/p>\n<p>Zo spolo\u010dnej hist\u00f3rie &#8211; \u010cSSR &#8211; Franti\u0161ek Venclovsk\u00fd<\/p>\n<p><a href=\"https:\/\/www.ceskatelevize.cz\/ivysilani\/12387474945-archiv-d\/220471294071032-archiv-d-porazeny-vitez\" target=\"_blank\" rel=\"noopener noreferrer\">Archiv \u010cesk\u00e1 Televize: Pora\u017een\u00fd v\u00edt\u011bz<\/a><\/p>\n<p><a href=\"https:\/\/www.ceskatelevize.cz\/ivysilani\/12387474945-archiv-d\/220471294071033-archiv-d-la-manche-muj-osud\" target=\"_blank\" rel=\"noopener noreferrer\">Archiv \u010cesk\u00e1 Televize: La Manche \u2013 m\u016fj osud<\/a><\/p>\n<p>&nbsp;<\/p>\n<p><a href=\"https:\/\/sportoveotuzovanie.sk\/wp-content\/uploads\/2022\/05\/Rocenka-dalkoveho-plavani-2001.pdf\">Ro\u010denka d\u00e1lkov\u00e9ho plavan\u00ed 2001<\/a><\/p>\n<p><a href=\"https:\/\/sportoveotuzovanie.sk\/wp-content\/uploads\/2022\/05\/Rocenka-dalkoveho-plavani-2002.pdf\">Ro\u010denka d\u00e1lkov\u00e9ho plavan\u00ed 2002<\/a><\/p>\n<p>&nbsp;<\/p>\n<p><a href=\"https:\/\/sportoveotuzovanie.sk\/wp-content\/uploads\/2019\/11\/O-Snehu.pdf\">O Snehu<\/a> &#8211; \u010dl\u00e1nok z \u010dasopisu Quark febru\u00e1r 2003 &#8211; Ingrid Damborsk\u00e1, Milan Lapin &#8211; Katedra meteorol\u00f3gie a klimatol\u00f3gie FMFI UK<\/p>\n<p>&nbsp;<\/p>\n<p>Ve\u013ek\u00e9 \u010fakujem Romanovi Kraj\u010dovi\u010dovi za poskytnutie dokumentov. Bol to jeden z priekopn\u00edkov dia\u013ekov\u00e9ho pl\u00e1vania na Slovensku &#8211; kr\u00e1tky s\u00fahrn jeho spomienok a plavieb:<\/p>\n<p><a href=\"https:\/\/sportoveotuzovanie.sk\/wp-content\/uploads\/2018\/09\/RomanK.jpg\">Roman Kraj\u010dovi\u010d<\/a><\/p>\n<p style=\"padding-left: 30px;\">&#8211; diplom z \u00dast\u00ed na -31,2 km &#8211; toto sa pl\u00e1valo ako nomina\u010dn\u00fd pretek pre \u00fa\u010das\u0165 na medzin\u00e1rodn\u00fdch majstrovstv\u00e1ch Anglicka vo Windermere, ale nakoniec sa tam ne\u0161lo. V tom \u010dase 31,2 km bol slovensk\u00fd rekord, zapl\u00e1van\u00fd v baz\u00e9ne.\u00a0 <a href=\"https:\/\/sportoveotuzovanie.sk\/wp-content\/uploads\/2018\/09\/SCAN0020r.pdf\">DIPLOM<\/a><\/p>\n<p style=\"padding-left: 30px;\">Zahrani\u010dn\u00e9 marat\u00f3ny:<\/p>\n<p style=\"padding-left: 30px;\">&#8211; Medzin\u00e1rodn\u00fd okt\u00f3brov\u00fd marat\u00f3n Dj\u00e9ble &#8211; Lattaquie, S\u00fdria &#8211; 25 km, 1978. S Pavlom Tome\u0161om, Jitkou Grundovou a Zdenkom Jouklom.<\/p>\n<p style=\"padding-left: 30px;\">&#8211; Marat\u00f3n Myslib\u00f3rz, Po\u013esko &#8211; 4,5 km, 1978. S Pavlom Tome\u0161om a Jitkou Grundovou.<\/p>\n<p style=\"padding-left: 30px;\">&#8211; Jazero Biale, Okuninka, Po\u013esko &#8211; 6 km, 1979. S Pavlom Tome\u0161om a Jitkou Grundovou.<\/p>\n<p style=\"padding-left: 30px;\">&#8211; Pharos maraton, Hvar, 1981. Nepam\u00e4t\u00e1m si, kto zo Slov\u00e1kov tu bol e\u0161te. V roku 1979 to boli Fedor \u0160imkovi\u010d (SV\u0160T) a Iveta Machkov\u00e1 (SV\u0160T). Ved\u00faci v\u00fdpravy bol Boris Ferjen\u010d\u00edk.<\/p>\n<p style=\"padding-left: 30px;\">&#8211; Plutvov\u00fd z\u00e1vod, t.j. organizovan\u00e9 Zv\u00e4zarmom, \u00dast\u00ed nad Labem D\u011b\u010d\u00edn. Predpoklad\u00e1m, \u017ee to bolo v 1980 alebo 1981.<\/p>\n<p><strong>DOKUMENTY A V\u00ddSLEDKY Z \u010cIAS MINUL\u00ddCH<\/strong> &#8211; d\u00e1vam do pozornosti <strong>v\u00fdsledky a \u010dasy<\/strong> vtedaj\u0161\u00edch plavcov. Klob\u00fak dole. Dokumenty s\u00fa zoraden\u00e9 chronologicky od roku 1977 &#8211; 1988.<\/p>\n<p><a href=\"https:\/\/sportoveotuzovanie.sk\/wp-content\/uploads\/2018\/09\/SCAN0011.pdf\">Rozpis 3. MS SSR v dia\u013ekovom pl\u00e1van\u00ed pre rok 1977<\/a> &#8211; zauj\u00edmavos\u0165\u00a0 MS boli rozdelen\u00e9 do 3 \u010dast\u00ed:<br \/>\n1. Marat\u00f3n v teplej vode v d\u0148och 25.-26.6.1977<br \/>\n2. No\u010dn\u00fd marat\u00f3n 27.-28.8.1977<br \/>\n3. Marat\u00f3n v chladnej vode v d\u0148och 15.-16.10.1977<\/p>\n<p><a href=\"https:\/\/sportoveotuzovanie.sk\/wp-content\/uploads\/2018\/09\/SCAN0015.pdf\">\u010cl\u00e1nok 1. majstrovstv\u00e1 SSR &#8211; Zlat\u00e9 Piesky<\/a><\/p>\n<p><a href=\"https:\/\/sportoveotuzovanie.sk\/wp-content\/uploads\/2018\/09\/SCAN0014.pdf\">\u010cl\u00e1nky o DP<\/a><\/p>\n<p><a href=\"https:\/\/sportoveotuzovanie.sk\/wp-content\/uploads\/2018\/09\/SCAN0012.pdf\">Propoz\u00edcie 1. ro\u010dn\u00edk plaveck\u00e9ho marat\u00f3nu TJ Slav\u00edn Bratislava 25.-26.6.1977<\/a><\/p>\n<p><a href=\"https:\/\/sportoveotuzovanie.sk\/wp-content\/uploads\/2018\/09\/SCAN0013.pdf\">\u010cl\u00e1nok o La Manche a DP 1977<\/a> &#8211; zauj\u00edmavos\u0165 \u010dl\u00e1nku &#8211; &#8222;nech\u00fdbali ani obaja \u010ds. premo\u017eitelia kan\u00e1la La Manche Fr. Venclovsk\u00fd a J. Nov\u00e1k. Ak v\u0161etko dobre p\u00f4jde, r\u00e1tame s t\u00fdm, \u017ee sa v kr\u00e1tkej bud\u00facnosti pok\u00fasi Ing. B. Ferien\u010d\u00edk (alebo niekto z oddielu) ako prv\u00fd Slov\u00e1k prepl\u00e1va\u0165 La Manche&#8220;.<\/p>\n<p><a href=\"https:\/\/sportoveotuzovanie.sk\/wp-content\/uploads\/2018\/09\/SCAN0019.pdf\">\u010cl\u00e1nok 9. ro\u010dn\u00edk Brno &amp; Ole\u0161n\u00e1<\/a><\/p>\n<p><a href=\"https:\/\/sportoveotuzovanie.sk\/wp-content\/uploads\/2018\/09\/SCAN0026.pdf\">\u010cl\u00e1nky Brno DP Kraj\u010dovi\u010d a Machkov\u00e1 &#8211; Stari\u00a0 Grad Hvar<\/a><\/p>\n<p><a href=\"https:\/\/sportoveotuzovanie.sk\/wp-content\/uploads\/2018\/09\/SCAN0021.pdf\">Propoz\u00edcie na 2. ro\u010dn\u00edk poh\u00e1ra TJ Slav\u00edn 30.6. &#8211; 2.7.1978<\/a><\/p>\n<p><a href=\"https:\/\/sportoveotuzovanie.sk\/wp-content\/uploads\/2018\/09\/SCAN0022.pdf\">\u010cl\u00e1nok z roku 1978<\/a><\/p>\n<p><a href=\"https:\/\/sportoveotuzovanie.sk\/wp-content\/uploads\/2018\/09\/SCAN0023.pdf\">\u010cl\u00e1nok s R. Kraj\u010dovi\u010dom 1978<\/a><\/p>\n<p><a href=\"https:\/\/sportoveotuzovanie.sk\/wp-content\/uploads\/2018\/09\/SCAN0025.pdf\">4. ro\u010dn\u00edk Pharos Maraton 2.9.1979<\/a><\/p>\n<p><a href=\"https:\/\/sportoveotuzovanie.sk\/wp-content\/uploads\/2018\/09\/SCAN0024.pdf\">Propoz\u00edcie na 3. ro\u010dn\u00edk poh\u00e1ra TJ Slav\u00edn a 2. ro\u010dn\u00edk poh\u00e1ra TJ Kovo 7.7.1979<\/a><\/p>\n<p><a href=\"https:\/\/sportoveotuzovanie.sk\/wp-content\/uploads\/2018\/09\/SCAN0009.pdf\">Propoz\u00edcie Poh\u00e1r ChZJD v dia\u013ekovom pl\u00e1van\u00ed 5.7.1980<\/a><\/p>\n<p><a href=\"https:\/\/sportoveotuzovanie.sk\/wp-content\/uploads\/2018\/09\/SCAN0027.pdf\">V\u00fdsledky s\u00fa\u0165a\u017ee 3. ro\u010dn\u00edka o Poh\u00e1r TJ Kovo Bratislava na Zlat\u00fdch Pieskoch 12.7.1980<\/a><\/p>\n<p><a href=\"https:\/\/sportoveotuzovanie.sk\/wp-content\/uploads\/2018\/09\/SCAN0028.pdf\">Propoz\u00edcie 4. ro\u010dn\u00edk plaveck\u00e9ho marat\u00f3nu o Poh\u00e1r TJ Kovo Bratislava na Zlat\u00fdch Pieskoch 11.7.1981<\/a><\/p>\n<p><a href=\"https:\/\/sportoveotuzovanie.sk\/wp-content\/uploads\/2018\/09\/SCAN0029.pdf\">Propoz\u00edcie 1. ro\u010dn\u00edk plaveck\u00e9ho marat\u00f3nu Ru\u017e\u00edn 29.8.1981<\/a><\/p>\n<p><a href=\"https:\/\/sportoveotuzovanie.sk\/wp-content\/uploads\/2018\/09\/SCAN0017.pdf\">N\u00e1vrh term\u00ednovej listiny v roku 1982<\/a><\/p>\n<p><a href=\"https:\/\/sportoveotuzovanie.sk\/wp-content\/uploads\/2018\/09\/SCAN0018.pdf\">Propoz\u00edcie 2. ro\u010dn\u00edk plaveck\u00e9ho marat\u00f3nu Ru\u017e\u00edn 28.8.1982<\/a><\/p>\n<p><a href=\"https:\/\/sportoveotuzovanie.sk\/wp-content\/uploads\/2018\/09\/SCAN0016.pdf\">Propoz\u00edcie 5. ro\u010dn\u00edk plaveck\u00e9ho marat\u00f3nu Ru\u017e\u00edn 31.8.1985, Majstrovstv\u00e1 SSR<\/a><\/p>\n<p><a href=\"https:\/\/sportoveotuzovanie.sk\/wp-content\/uploads\/2018\/09\/SCAN0008.pdf\">Propoz\u00edcie 6. ro\u010dn\u00edk Ru\u017e\u00ednskeho marat\u00f3nu s\u00fa\u010dasne MS SSR v DP 23.8.1986<\/a><\/p>\n<p><a href=\"https:\/\/sportoveotuzovanie.sk\/wp-content\/uploads\/2018\/09\/SCAN0006.pdf\">Propoz\u00edcie 7. ro\u010dn\u00edk Ru\u017e\u00ednskeho marat\u00f3nu s\u00fa\u010dasne MS SSR v DP 22.8.1987<\/a><\/p>\n<p><a href=\"https:\/\/sportoveotuzovanie.sk\/wp-content\/uploads\/2018\/09\/SCAN0010.pdf\">Term\u00ednov\u00e1 listina v roku 1988<\/a><\/p>\n<p><a href=\"https:\/\/sportoveotuzovanie.sk\/wp-content\/uploads\/2018\/09\/SCAN0007.pdf\">Propoz\u00edcie a v\u00fdsledky &#8211; 2. ro\u010dn\u00edk s\u00fa\u0165a\u017ee v DP o Poh\u00e1r ZV ROH CHZJD 4.7.1987<\/a><\/p>\n<p><a href=\"https:\/\/sportoveotuzovanie.sk\/wp-content\/uploads\/2018\/09\/SCAN0005.pdf\">Propoz\u00edcie &#8211; 3. ro\u010dn\u00edk s\u00fa\u0165a\u017ee v DP o Poh\u00e1r ZV ROH CHZJD 2.7.1988<\/a><\/p>\n<p><a href=\"https:\/\/sportoveotuzovanie.sk\/wp-content\/uploads\/2018\/09\/SCAN0004.pdf\">Propoz\u00edcie a v\u00fdsledky &#8222;Veletr\u017en\u00ed plaveck\u00fd maraton&#8220; v Brne 23.7.1988<\/a><\/p>\n<p>Ak neviete, ako sa hecn\u00fa\u0165, zop\u00e1r in\u0161pir\u00e1ci\u00ed:\u00a0na za\u010diatok si sta\u010d\u00ed da\u0165 miestne jazero kr\u00ed\u017eom, pr\u00edpadne sa z\u00fa\u010dastni\u0165 DP marat\u00f3nu na 5 a viac km\u00a0\u00a0 &#8211; <a href=\"https:\/\/db.marathonswimmers.org\/longest-swims\/\">https:\/\/db.marathonswimmers.org\/longest-swims\/<\/a><\/p>\n<p>Pros\u00edm, prihl\u00e1ste sa na <a href=\"mailto:zoli@sportoveotuzovanie.sk\">zoli@sportoveotuzovanie.sk<\/a> a dopln\u00edme, pr\u00edpadne prid\u00e1me link na video.<\/p>\n","protected":false},"excerpt":{"rendered":"<p>Hist\u00f3ria Ka\u017ed\u00fd \u0161port ma svoj v\u00fdvoj v \u010dase a je dobr\u00e9 sa v\u017edy obzrie\u0165 dozadu, \u010do tu u\u017e bolo, aby sme nevym\u00fd\u0161\u013eali koleso nanovo. Taktie\u017e je to priestor pre vzdanie &hellip; <a href=\"https:\/\/sportoveotuzovanie.sk\/historia-dialkove-plavanie-a-otuzovanie\/\" class=\"more-link\">Pokra\u010dova\u0165 na <span class=\"screen-reader-text\">Hist\u00f3ria dia\u013ekov\u00e9 pl\u00e1vanie a otu\u017eovanie<\/span> <span class=\"meta-nav\">&rarr;<\/span><\/a><\/p>\n","protected":false},"author":1,"featured_media":0,"parent":0,"menu_order":0,"comment_status":"closed","ping_status":"closed","template":"","meta":{"_crdt_document":"","footnotes":""},"class_list":["post-1703","page","type-page","status-publish","hentry"],"_links":{"self":[{"href":"https:\/\/sportoveotuzovanie.sk\/wp-json\/wp\/v2\/pages\/1703","targetHints":{"allow":["GET"]}}],"collection":[{"href":"https:\/\/sportoveotuzovanie.sk\/wp-json\/wp\/v2\/pages"}],"about":[{"href":"https:\/\/sportoveotuzovanie.sk\/wp-json\/wp\/v2\/types\/page"}],"author":[{"embeddable":true,"href":"https:\/\/sportoveotuzovanie.sk\/wp-json\/wp\/v2\/users\/1"}],"replies":[{"embeddable":true,"href":"https:\/\/sportoveotuzovanie.sk\/wp-json\/wp\/v2\/comments?post=1703"}],"version-history":[{"count":8,"href":"https:\/\/sportoveotuzovanie.sk\/wp-json\/wp\/v2\/pages\/1703\/revisions"}],"predecessor-version":[{"id":3293,"href":"https:\/\/sportoveotuzovanie.sk\/wp-json\/wp\/v2\/pages\/1703\/revisions\/3293"}],"wp:attachment":[{"href":"https:\/\/sportoveotuzovanie.sk\/wp-json\/wp\/v2\/media?parent=1703"}],"curies":[{"name":"wp","href":"https:\/\/api.w.org\/{rel}","templated":true}]}}