{"id":2508,"date":"2024-07-01T10:36:18","date_gmt":"2024-07-01T08:36:18","guid":{"rendered":"https:\/\/sportoveotuzovanie.sk\/?page_id=2508"},"modified":"2025-01-28T20:39:49","modified_gmt":"2025-01-28T19:39:49","slug":"slovensky-pohar-v-zp-2024-2025","status":"publish","type":"page","link":"https:\/\/sportoveotuzovanie.sk\/slovensky-pohar-v-zp-2024-2025\/","title":{"rendered":"SLOVENSK\u00dd POH\u00c1R V ZP 2024\/2025"},"content":{"rendered":"<p>&nbsp;<\/p>\n<p><img loading=\"lazy\" decoding=\"async\" class=\"size-full wp-image-1938 aligncenter\" src=\"https:\/\/sportoveotuzovanie.sk\/wp-content\/uploads\/2022\/02\/Logo-SPvZP.png\" alt=\"\" width=\"384\" height=\"123\" srcset=\"https:\/\/sportoveotuzovanie.sk\/wp-content\/uploads\/2022\/02\/Logo-SPvZP.png 384w, https:\/\/sportoveotuzovanie.sk\/wp-content\/uploads\/2022\/02\/Logo-SPvZP-300x96.png 300w\" sizes=\"auto, (max-width: 384px) 100vw, 384px\" \/><\/p>\n<p>&nbsp;<\/p>\n<p><img loading=\"lazy\" decoding=\"async\" class=\"aligncenter size-full wp-image-2621\" src=\"https:\/\/sportoveotuzovanie.sk\/wp-content\/uploads\/2025\/01\/Kalendar-SPvZP-2024-2025_05.jpg\" alt=\"\" width=\"1037\" height=\"742\" srcset=\"https:\/\/sportoveotuzovanie.sk\/wp-content\/uploads\/2025\/01\/Kalendar-SPvZP-2024-2025_05.jpg 1037w, https:\/\/sportoveotuzovanie.sk\/wp-content\/uploads\/2025\/01\/Kalendar-SPvZP-2024-2025_05-300x215.jpg 300w, https:\/\/sportoveotuzovanie.sk\/wp-content\/uploads\/2025\/01\/Kalendar-SPvZP-2024-2025_05-1024x733.jpg 1024w, https:\/\/sportoveotuzovanie.sk\/wp-content\/uploads\/2025\/01\/Kalendar-SPvZP-2024-2025_05-768x550.jpg 768w\" sizes=\"auto, (max-width: 1037px) 100vw, 1037px\" \/><\/p>\n<p><a href=\"https:\/\/sportoveotuzovanie.sk\/wp-content\/uploads\/2025\/01\/SPvZP_KALENDAR-2024-2025_05.pdf\">SPvZP_KALEND\u00c1R 2024-2025<\/a><\/p>\n<p>ONLINE PRIHLASOVANIE a REGISTR\u00c1CIA na PRETEKY<\/p>\n<p><a href=\"https:\/\/pohar.sportoveotuzovanie.sk\/registracia\">REGISTR\u00c1CIA<\/a> -&gt; pre \u00faplne nov\u00fdch plavcov (pros\u00edme vyp\u013a\u0148a\u0165 d\u00f4sledne, inak budete zaraden\u00fd do zlej vekovej kateg\u00f3rie, taktie\u017e vyplni\u0165 spr\u00e1vne pohlavie)<\/p>\n<p><a href=\"https:\/\/pohar.sportoveotuzovanie.sk\/login\">PRIHL\u00c1SENIE<\/a> -&gt; sa na jednotliv\u00e9 preteky uz pre registrovan\u00fdch plavcov<\/p>\n","protected":false},"excerpt":{"rendered":"<p>&nbsp; &nbsp; SPvZP_KALEND\u00c1R 2024-2025 ONLINE PRIHLASOVANIE a REGISTR\u00c1CIA na PRETEKY REGISTR\u00c1CIA -&gt; pre \u00faplne nov\u00fdch plavcov (pros\u00edme vyp\u013a\u0148a\u0165 d\u00f4sledne, inak budete zaraden\u00fd do zlej vekovej kateg\u00f3rie, taktie\u017e vyplni\u0165 spr\u00e1vne pohlavie) &hellip; <a href=\"https:\/\/sportoveotuzovanie.sk\/slovensky-pohar-v-zp-2024-2025\/\" class=\"more-link\">Pokra\u010dova\u0165 na <span class=\"screen-reader-text\">SLOVENSK\u00dd POH\u00c1R V ZP 2024\/2025<\/span> <span class=\"meta-nav\">&rarr;<\/span><\/a><\/p>\n","protected":false},"author":1,"featured_media":0,"parent":0,"menu_order":0,"comment_status":"closed","ping_status":"closed","template":"","meta":{"_crdt_document":"","footnotes":""},"class_list":["post-2508","page","type-page","status-publish","hentry"],"_links":{"self":[{"href":"https:\/\/sportoveotuzovanie.sk\/wp-json\/wp\/v2\/pages\/2508","targetHints":{"allow":["GET"]}}],"collection":[{"href":"https:\/\/sportoveotuzovanie.sk\/wp-json\/wp\/v2\/pages"}],"about":[{"href":"https:\/\/sportoveotuzovanie.sk\/wp-json\/wp\/v2\/types\/page"}],"author":[{"embeddable":true,"href":"https:\/\/sportoveotuzovanie.sk\/wp-json\/wp\/v2\/users\/1"}],"replies":[{"embeddable":true,"href":"https:\/\/sportoveotuzovanie.sk\/wp-json\/wp\/v2\/comments?post=2508"}],"version-history":[{"count":11,"href":"https:\/\/sportoveotuzovanie.sk\/wp-json\/wp\/v2\/pages\/2508\/revisions"}],"predecessor-version":[{"id":2624,"href":"https:\/\/sportoveotuzovanie.sk\/wp-json\/wp\/v2\/pages\/2508\/revisions\/2624"}],"wp:attachment":[{"href":"https:\/\/sportoveotuzovanie.sk\/wp-json\/wp\/v2\/media?parent=2508"}],"curies":[{"name":"wp","href":"https:\/\/api.w.org\/{rel}","templated":true}]}}