{"id":2720,"date":"2025-09-28T22:36:12","date_gmt":"2025-09-28T20:36:12","guid":{"rendered":"https:\/\/sportoveotuzovanie.sk\/?page_id=2720"},"modified":"2025-10-13T08:32:16","modified_gmt":"2025-10-13T06:32:16","slug":"la-manche-english-channel","status":"publish","type":"page","link":"https:\/\/sportoveotuzovanie.sk\/la-manche-english-channel\/","title":{"rendered":"La Manche &#8211; English Channel"},"content":{"rendered":"<p><strong>S\u00f3lo<\/strong><\/p>\n<p>16.8.1974\u00a0\u00a0\u00a0\u00a0\u00a0\u00a0 <a href=\"http:\/\/www.channelswimmingassociation.com\/swim\/2538\/jan-novak\">Jan Nov\u00e1k<\/a>,\u00a0 31 r.,\u00a0smer A-F,\u00a0 \u010das 13:27, \u00a0\u010cSSR (ob\u010dan \u010cR, hl\u00e1si sa k slovenskej n\u00e1rodnosti) <a href=\"https:\/\/www.youtube.com\/watch?v=AOudf_66iAM&amp;t=3s\">video<\/a>, coach (Pavel Tome\u0161)<\/p>\n<p>31.8.1975\u00a0\u00a0\u00a0\u00a0\u00a0\u00a0 <a href=\"http:\/\/www.channelswimmingassociation.com\/swim\/2560\/jan-novak\">Jan Nov\u00e1k<\/a>,\u00a0 32 r., smer A-F, \u010das 12:45, \u00a0\u010cSSR (ob\u010dan \u010cR, hl\u00e1si sa k slovenskej n\u00e1rodnosti), coach (Franti\u0161ek Venclovsk\u00fd)<\/p>\n<p>2.8.2002 \u00a0\u00a0\u00a0\u00a0\u00a0\u00a0\u00a0\u00a0 <a href=\"http:\/\/www.channelswimmingassociation.com\/swim\/3118\/zoltan-makai\">Zolt\u00e1n Makai<\/a>, 25 r., smer A-F, \u010das 11:22, \u00a0SVK <a href=\"https:\/\/www.youtube.com\/watch?v=Qn5udXEFNoE&amp;t=12s\">video<\/a>, coach (Michal \u0160terba)<\/p>\n<p>7.8.2004 \u00a0\u00a0\u00a0\u00a0\u00a0\u00a0\u00a0\u00a0 <a href=\"http:\/\/www.channelswimmingassociation.com\/swim\/3158\/josef-lendacky\">Jozef Lendack\u00fd<\/a>, 40 r., smer A-F, \u010das 14:28, \u00a0SVK<\/p>\n<p>29.8.2008\u00a0\u00a0\u00a0\u00a0\u00a0\u00a0 Jaroslav Sop\u00fach, 62 r., smer A-F, \u010das po 2 hod.\u00a0 preru\u0161en\u00e9, SVK <a href=\"https:\/\/sportoveotuzovanie.sk\/wp-content\/uploads\/2018\/01\/1382227_244099385738034_961261840_n.jpg\">foto<\/a>, <a href=\"https:\/\/sportoveotuzovanie.sk\/wp-content\/uploads\/2018\/01\/1452577_498895203541399_1950725268_n.jpg\">foto<\/a>, <a href=\"https:\/\/www.youtube.com\/watch?v=x38OGIbXF2A\">video<\/a><\/p>\n<p>16.07.2009 \u00a0\u00a0\u00a0\u00a0 Ladislav Pe\u010denka, 46 r., smer A-F, \u010das po 12:51 hod. preru\u0161en\u00e9, SVK <a href=\"https:\/\/sportoveotuzovanie.sk\/wp-content\/uploads\/2018\/09\/LacoKanal.jpg\">mapa<\/a>, <a href=\"https:\/\/www.youtube.com\/watch?v=dr9XPUojnAk\">video<\/a><\/p>\n<p>26.9.2009 \u00a0\u00a0\u00a0\u00a0\u00a0 <a href=\"http:\/\/www.channelswimmingassociation.com\/swim\/3282\/ivan-gazdik\">Ivan Gazd\u00edk<\/a>, 44 r., smer A-F, \u010das 13:29, \u00a0SVK<a href=\"https:\/\/www.youtube.com\/watch?v=XWuZvDkquiQ\"> video<\/a><\/p>\n<p>5.7. 2013 \u00a0\u00a0\u00a0\u00a0\u00a0\u00a0 <a href=\"http:\/\/www.channelswimmingassociation.com\/swim\/3416\/peter-dolnik\">Peter Doln\u00edk<\/a>, 47 r., smer A-F, \u010das 11:43, \u00a0SVK <a href=\"https:\/\/sportoveotuzovanie.sk\/wp-content\/uploads\/2017\/09\/Photo-5.jpg\">foto<\/a>, <a href=\"https:\/\/sportoveotuzovanie.sk\/wp-content\/uploads\/2017\/09\/Photo-9b.jpg\">foto<\/a><\/p>\n<p>31.7.2016 \u00a0\u00a0\u00a0\u00a0\u00a0 <a href=\"http:\/\/www.channelswimmingassociation.com\/swim\/4519\/frantisek-nehaj\">Franti\u0161ek Nehaj<\/a>, 28 r., smer A-F, \u010das 15:29, \u00a0SVK<a href=\"https:\/\/www.youtube.com\/watch?v=TgCpec0O_oo\"> video<\/a><\/p>\n<p>16.8.2017\u00a0\u00a0\u00a0\u00a0\u00a0 <a href=\"http:\/\/www.channelswimmingassociation.com\/swim\/4694\/zuzana-juskova\">Zuzana Juskov\u00e1<\/a>, 43 r., smer A-F, \u010das 11:16, SVK, <a href=\"https:\/\/www.youtube.com\/watch?v=yFU2sbwagKk\">video<\/a>, coach (Zolt\u00e1n Makai)<\/p>\n<p>13.-14.8.2020 \u00a0 \u00a0 \u00a0<a href=\"https:\/\/www.channelswimmingassociation.com\/swim\/5188\/martin-ug-r\">Martin \u0160ug\u00e1r<\/a>, 49 r., smer A-F, \u010das 16:11, SVK, <a href=\"https:\/\/www.youtube.com\/watch?v=4C4izHE1cec\">video<\/a>, coach (Zolt\u00e1n Makai)<\/p>\n<p>1.9.2020 \u00a0 \u00a0 \u00a0 \u00a0 <a href=\"https:\/\/www.channelswimmingassociation.com\/swim\/5204\/ingrida-nechalov\">Ingrid Nechalov\u00e1<\/a>, 35 r., smer A-F, <a href=\"https:\/\/www.cas.sk\/clanok\/1021096\/detaily-plavby-slovenky-ingrid-cez-kanal-la-manche-preco-som-plavala-len-v-nohavickach-video\/\">preru\u0161en\u00e9 po 11:17 pre nepriazniv\u00e9 pr\u00fadenia<\/a>, SVK <a href=\"https:\/\/www.facebook.com\/ingrida.nechalova\/videos\/10214666573096452\/\">video<\/a> (tide 6,3-6,4 m, max. sila vetra 3-5 kt preva\u017ene bezvetrie &#8211; potvrden\u00e9 od Reg Brickell &#8211; pilot).<\/p>\n<p>10.9.2020\u00a0\u00a0\u00a0\u00a0 <a href=\"https:\/\/www.channelswimmingassociation.com\/swim\/5215\/ondrej-p-k\">Ondrej P\u00e9k<\/a>, 47 r., smer A-F, preru\u0161en\u00e9 po 4:12 hodin\u00e1ch, \u017eal\u00fado\u010dn\u00e1 nevo\u013enos\u0165, SKV (pilot Andy King) coach Dezider P\u00e9k<\/p>\n<p>16.10.2021 \u00a0\u00a0\u00a0\u00a0 <a href=\"https:\/\/www.channelswimmingassociation.com\/swim\/5384\/richard-ny-ry\">Richard Ny\u00e1ry<\/a>, 45 r., smer A-F, \u010das 15:57, SVK, video, <a href=\"https:\/\/www.cas.sk\/clanok\/2599035\/je-jeden-z-mala-richard-preplaval-kanal-la-manche-v-studenej-vode-som-stravil-16-hodin\/\">\u010dl\u00e1nok<\/a>, coach (Zolt\u00e1n Makai)<\/p>\n<p>8.9.2023 \u00a0\u00a0\u00a0\u00a0 <a href=\"https:\/\/www.channelswimmingassociation.com\/swim\/5680\/so-a-rebrov\">So\u0148a Rebrov\u00e1<\/a>, 50 r., smer A-F, \u010das 14:43, SVK, <a href=\"https:\/\/www.facebook.com\/sona.rebrova.1\">video<\/a>, <a href=\"https:\/\/www.cas.sk\/clanok\/2841731\/najstarsia-slovenka-ktora-preplavala-la-manche-sona-sa-ma-cim-chvalit-strasidelne-co-musela-prekonat\/\">\u010dl\u00e1nok<\/a>, <a href=\"https:\/\/youtu.be\/uZDbDVr19fs?si=fKb13Pc9YUyQJqBe\">video<\/a>, coach (Vladim\u00edr Mravec)<\/p>\n<p>9.9.2025\u00a0 \u00a0 \u00a0 <a href=\"https:\/\/www.channelswimmingassociation.com\/swim\/6001\/alina-jogl\">Alina Jogl<\/a>, 37 r., smer A-F, \u010das 10:57, SVK, coach (Kryst\u00edna Dykov\u00e1)\u00a0 &#8211; nov\u00fd SVK rekord<\/p>\n<p><b>\u0160tafeta<\/b><\/p>\n<p>2003\u00a0\u00a0\u00a0\u00a0 <a href=\"http:\/\/www.channelswimmingassociation.com\/swim\/4171\/polar-bears\">(7plavcov) \u013dadov\u00e9 Medvede, Bratislava<\/a> Tibor Csern\u00e1k, Eva Steyrerov\u00e1, Robert Steyrer, Jozef Makai, Ladislav Pe\u010denka, Alexander Kirschner, Pavol Dinka, smer A-F, \u010das 13:05<\/p>\n<p>2011\u00a0\u00a0\u00a0\u00a0\u00a0 <a href=\"http:\/\/www.channelswimmingassociation.com\/swim\/3928\/the-polar-bears\">(6 plavcov) \u013dadov\u00e9 Medvede, Bratislava<\/a> \u013dubo\u0161 Klimek, Marek S\u00e1mel, Jozef Bartalo\u0161, Robert Mik\u00f3czi, Ivan Gazd\u00edk, Jozef Lendack\u00fd, smer A-F, \u010das 14:56<\/p>\n<p>2016\u00a0\u00a0\u00a0\u00a0\u00a0\u00a0 <a href=\"http:\/\/www.channelswimmingassociation.com\/swim\/4610\/ladove-medvede-bratislava\">(6 plavcov) \u013dadov\u00e9 Medvede, Bratislava<\/a> Zolt\u00e1n Makai, Martin Haizer, Martin \u0160ug\u00e1r, Ladislav Pe\u010denka, Robert \u0160upa, Richard Ny\u00e1ry, smer A-F, \u010das 13:01, F-A preru\u0161en\u00e9<\/p>\n<p>21.-22.7.2018 \u00a0 \u00a0<a href=\"https:\/\/www.channelswimmingassociation.com\/swim\/4853\/sportfanatic\">(3 plavci) Sportfanatic, Dunajsk\u00e1 Streda<\/a> Richard Ny\u00e1ry, Dezider P\u00e9k, Ondrej P\u00e9k, smer A-F 10:14, F-A 12:20 spolu A-F-A 22:34\u00a0 <a href=\"https:\/\/www.facebook.com\/Sportfanatic-1669015233372268\/\">foto &amp; video<\/a>, coach (Zolt\u00e1n Makai)<\/p>\n<p>22.9.2020\u00a0\u00a0\u00a0 <a href=\"https:\/\/www.channelswimmingassociation.com\/swim\/5231\/svk-women-relay\">(6 plavk\u00fd\u0148) SVK Women Relay<\/a>, Zuzana Juskov\u00e1, Tatiana Chud\u00e1, Nina Chud\u00e1, So\u0148a Rebrov\u00e1, Zuzana Szab\u00f3ov\u00e1, Zuzana Van\u010dov\u00e1, smer A-F, \u010das 12:40, coach (Zolt\u00e1n Makai)<\/p>\n<p>25.7.2023\u00a0\u00a0\u00a0\u00a0 <a href=\"http:\/\/cspf.co.uk\/cs-and-pf-swims\">(6 plavcov) The Channel Boys<\/a>, Viktor Dluho\u0161, Daniel \u010cerven\u00fd, Juraj \u010cerven\u00fd, Pavol Maru\u0161\u010d\u00e1k, Michal Bartal, Peter Bla\u0161ko, smer A-F, \u010das 12:15 <a href=\"https:\/\/swimmsvk.sk\/slovenska-muzska-stafeta-zdolala-slavny-la-manche\">link a foto<\/a>, <a href=\"http:\/\/cspf.co.uk\/swim-routes\/MzEzNTUzNzI5MTk3M2ZjYTAzMGM4OWU0ODhmNzdiYTGzdeFIbtYHHm6qncf63-kbg6uusNRYzXi7kMqo2-JYwzN3y8JDPQQ9nNvPYD34a-l-zs-RuFd5IDGMUH6vOl4x2NOEX_3jDI-DKD8oryXwYU1UPc_7XyxePE775G-xXBllkT92z355zG_I1HWQ_Z7PI7J6p1Q1AKV-vCGmtQU0fw\">mapka<\/a>, coach (Zolt\u00e1n Makai)<\/p>\n<p>24.8.2023\u00a0\u00a0\u00a0 <a href=\"https:\/\/www.channelswimmingassociation.com\/swim\/5654\/svk-limitless-ladies-channel\">(3 plavkyne) SVK Limitless Ladies of Channel<\/a>, Zuzana Juskov\u00e1, Tatiana Chud\u00e1, Nina Chud\u00e1 smer A-F, \u010das 11:33, coach (Zolt\u00e1n Makai), F-A preru\u0161en\u00e9 <a href=\"https:\/\/www.channelswimmingassociation.com\/swim\/5653\/svk-limitless-ladies-channel\">kv\u00f4li bleskom<\/a><\/p>\n<p>4.9.2024\u00a0\u00a0\u00a0\u00a0 <a href=\"https:\/\/www.channelswimmingassociation.com\/swim\/5840\/slovak-swimming-line\">(5 plavcov) Slovak Swimming Line<\/a>, Roman Klin\u010d\u00fach, Lucia \u010cern\u00e1, \u013dubom\u00edr Frolo, Karol Kuku\u010dka a Katar\u00edna Ho\u0161ekov\u00e1, smer A-F, \u010das 12:39, coach (Zolt\u00e1n Makai)\u00a0 {najmlad\u0161ia L. \u010cern\u00e1 19 r.]<\/p>\n<p>8.10.2025\u00a0 \u00a0 \u00a0<a href=\"https:\/\/www.channelswimmingassociation.com\/swim\/6033\/vitale-tyrnavia-slovakia\">(6 plavcov) VITALE Tyrnavia Swimming La Manche<\/a>, Viktor Dluho\u0161, Ivana Lutterov\u00e1, Lucia Le\u017eovi\u010dov\u00e1, Eva Le\u017eovi\u010dov\u00e1, Marko Makai, Martin Me\u010diar, smer A-F, \u010das 11:19, coach (Zolt\u00e1n Makai) {najmlad\u0161\u00ed M. Makai 13,5 r.]<\/p>\n","protected":false},"excerpt":{"rendered":"<p>S\u00f3lo 16.8.1974\u00a0\u00a0\u00a0\u00a0\u00a0\u00a0 Jan Nov\u00e1k,\u00a0 31 r.,\u00a0smer A-F,\u00a0 \u010das 13:27, \u00a0\u010cSSR (ob\u010dan \u010cR, hl\u00e1si sa k slovenskej n\u00e1rodnosti) video, coach (Pavel Tome\u0161) 31.8.1975\u00a0\u00a0\u00a0\u00a0\u00a0\u00a0 Jan Nov\u00e1k,\u00a0 32 r., smer A-F, \u010das 12:45, &hellip; <a href=\"https:\/\/sportoveotuzovanie.sk\/la-manche-english-channel\/\" class=\"more-link\">Pokra\u010dova\u0165 na <span class=\"screen-reader-text\">La Manche &#8211; English Channel<\/span> <span class=\"meta-nav\">&rarr;<\/span><\/a><\/p>\n","protected":false},"author":1,"featured_media":0,"parent":0,"menu_order":0,"comment_status":"closed","ping_status":"closed","template":"","meta":{"_crdt_document":"","footnotes":""},"class_list":["post-2720","page","type-page","status-publish","hentry"],"_links":{"self":[{"href":"https:\/\/sportoveotuzovanie.sk\/wp-json\/wp\/v2\/pages\/2720","targetHints":{"allow":["GET"]}}],"collection":[{"href":"https:\/\/sportoveotuzovanie.sk\/wp-json\/wp\/v2\/pages"}],"about":[{"href":"https:\/\/sportoveotuzovanie.sk\/wp-json\/wp\/v2\/types\/page"}],"author":[{"embeddable":true,"href":"https:\/\/sportoveotuzovanie.sk\/wp-json\/wp\/v2\/users\/1"}],"replies":[{"embeddable":true,"href":"https:\/\/sportoveotuzovanie.sk\/wp-json\/wp\/v2\/comments?post=2720"}],"version-history":[{"count":7,"href":"https:\/\/sportoveotuzovanie.sk\/wp-json\/wp\/v2\/pages\/2720\/revisions"}],"predecessor-version":[{"id":2870,"href":"https:\/\/sportoveotuzovanie.sk\/wp-json\/wp\/v2\/pages\/2720\/revisions\/2870"}],"wp:attachment":[{"href":"https:\/\/sportoveotuzovanie.sk\/wp-json\/wp\/v2\/media?parent=2720"}],"curies":[{"name":"wp","href":"https:\/\/api.w.org\/{rel}","templated":true}]}}