{"id":2782,"date":"2025-09-28T22:56:13","date_gmt":"2025-09-28T20:56:13","guid":{"rendered":"https:\/\/sportoveotuzovanie.sk\/?page_id=2782"},"modified":"2025-10-01T14:05:45","modified_gmt":"2025-10-01T12:05:45","slug":"priehrady-a-jazera","status":"publish","type":"page","link":"https:\/\/sportoveotuzovanie.sk\/priehrady-a-jazera\/","title":{"rendered":"Priehrady a jazer\u00e1"},"content":{"rendered":"<p>22.6.2013\u00a0\u00a0\u00a0\u00a0\u00a0 Ivan Gazd\u00edk, <a href=\"https:\/\/www.youtube.com\/watch?v=_1o_evRGxCs\">Oravsk\u00e1 priehrada &#8211; Chy\u017enik, POL &#8211; N\u00e1mestovo SVK, 17 km, \u010das: 6:34<\/a><\/p>\n<p>13.7.2021\u00a0\u00a0\u00a0\u00a0 So\u0148a Rebrov\u00e1, <a href=\"https:\/\/sportoveotuzovanie.sk\/wp-content\/uploads\/2021\/10\/oravska-priehrada_cut.png\">Oravsk\u00e1 priehrada<\/a> &#8211; <a href=\"https:\/\/sportoveotuzovanie.sk\/wp-content\/uploads\/2021\/10\/214600393_212462420755453_6555018782446046258_n.jpg\">13,79 km \u010das: 6:00<\/a> (<a href=\"https:\/\/youtu.be\/smuUr8ouyRs\">video<\/a>)<\/p>\n<p>19.7.2013\u00a0\u00a0\u00a0\u00a0\u00a0 Ivan Gazd\u00edk, <a href=\"https:\/\/www.youtube.com\/watch?v=_1o_evRGxCs\">Doma\u0161a &#8211; B\u017eany &#8211; Autocamping Monika, 12 km, \u010das 4:40<\/a><\/p>\n<p>25.8.2021\u00a0\u00a0\u00a0\u00a0 So\u0148a Rebrov\u00e1, <a href=\"https:\/\/sportoveotuzovanie.sk\/wp-content\/uploads\/2021\/10\/velka-domasa_cut.png\">Doma\u0161a<\/a> &#8211; <a href=\"https:\/\/sportoveotuzovanie.sk\/wp-content\/uploads\/2021\/10\/domasa-tracker-566x1024-1.jpg\">13,8 km \u010das 4:12<\/a> (<a href=\"https:\/\/youtu.be\/W1SqIldRFQ4\">video<\/a>)<\/p>\n<p>20.7.2013 \u00a0\u00a0\u00a0\u00a0 Ivan Gazd\u00edk, <a href=\"https:\/\/www.youtube.com\/watch?v=_1o_evRGxCs\">Zempl\u00ednska \u0160\u00edrava, Kus\u00edn &#8211; Biela Hora, 12,2 km, \u010das 4:30<\/a><\/p>\n<p>22.8.2021\u00a0\u00a0\u00a0\u00a0 So\u0148a Rebrov\u00e1, <a href=\"https:\/\/sportoveotuzovanie.sk\/wp-content\/uploads\/2021\/10\/sirava_czt.png\">Zempl\u00ednska \u0160\u00edrava<\/a>, &#8211; <a href=\"https:\/\/sportoveotuzovanie.sk\/wp-content\/uploads\/2021\/10\/sirava.jpg\">9,767 km \u010das 4:35<\/a> (<a href=\"https:\/\/youtu.be\/W1SqIldRFQ4\">video<\/a>)<\/p>\n<p>31.7.2013 \u00a0\u00a0\u00a0\u00a0 Ivan Gazd\u00edk, <a href=\"https:\/\/www.youtube.com\/watch?v=_1o_evRGxCs\">Liptovsk\u00e1 Mara, Liptovsk\u00fd Mikul\u00e1\u0161 &#8211; Bobrovn\u00edk, 9,6 km, \u010das 4:15<\/a><\/p>\n<p>07.08.2021\u00a0\u00a0\u00a0\u00a0 So\u0148a Rebrov\u00e1, <a href=\"https:\/\/sportoveotuzovanie.sk\/wp-content\/uploads\/2021\/10\/mara_cut.png\">Liptovsk\u00e1 mara<\/a> &#8211; <a href=\"https:\/\/sportoveotuzovanie.sk\/wp-content\/uploads\/2021\/10\/mara-161x300-1.jpg\">8,014 km \u010das 3:18<\/a> (<a href=\"https:\/\/youtu.be\/CuBJlIGaH3U\">video<\/a>)<\/p>\n<p>02.7.2021\u00a0\u00a0\u00a0\u00a0 So\u0148a Rebrov\u00e1, <a href=\"https:\/\/sportoveotuzovanie.sk\/wp-content\/uploads\/2021\/10\/kralova_cut.png\">Kr\u00e1\u013eov\u00e1<\/a> &#8211; <a href=\"https:\/\/sportoveotuzovanie.sk\/wp-content\/uploads\/2021\/10\/kralov-672x1024-1.png\">8,445 km \u010das 3:01<\/a> (<a href=\"https:\/\/youtu.be\/ABrEJ_YiVoE\">video<\/a>)<\/p>\n<p>02.7.2021\u00a0\u00a0\u00a0\u00a0 So\u0148a Rebrov\u00e1, <a href=\"https:\/\/sportoveotuzovanie.sk\/wp-content\/uploads\/2021\/10\/slnava-.jpg\">S\u013a\u0148ava<\/a> &#8211; <a href=\"https:\/\/sportoveotuzovanie.sk\/wp-content\/uploads\/2021\/10\/slnava-560x1024-1.png\">4,725 km \u010das 1:53<\/a> (<a href=\"https:\/\/youtu.be\/ZTd0eEC75Nk\">video<\/a>)<\/p>\n<p>&nbsp;<\/p>\n<p><a href=\"https:\/\/www.preplavajjazera.sk\/\">Prepl\u00e1vaj Slne\u010dn\u00e9 Jazer\u00e1<\/a> 2025\u00a0 \u00a0<a href=\"https:\/\/www.vysledkovyservis.sk\/preplavaj-slnecne-jazera-vysledky\">v\u00fdsledky<\/a>\u00a0 2025<\/p>\n<p><a href=\"https:\/\/www.velkavoda.sk\/2025\/04\/15\/24hodinovka2025\/\">24 hodinovka &#8211; \u013dadov\u00e9 medvede Ve\u013ek\u00e1 Voda<\/a>\u00a0 2025\u00a0 v\u00fdsledky 2025<\/p>\n<p><a href=\"https:\/\/www.velkavoda.sk\/klub-100\/\">Letn\u00e1 100-ka \u013dadov\u00e9 medvede Ve\u013ek\u00e1 Voda<\/a> v\u00fdsledky 2025<\/p>\n","protected":false},"excerpt":{"rendered":"<p>22.6.2013\u00a0\u00a0\u00a0\u00a0\u00a0 Ivan Gazd\u00edk, Oravsk\u00e1 priehrada &#8211; Chy\u017enik, POL &#8211; N\u00e1mestovo SVK, 17 km, \u010das: 6:34 13.7.2021\u00a0\u00a0\u00a0\u00a0 So\u0148a Rebrov\u00e1, Oravsk\u00e1 priehrada &#8211; 13,79 km \u010das: 6:00 (video) 19.7.2013\u00a0\u00a0\u00a0\u00a0\u00a0 Ivan Gazd\u00edk, Doma\u0161a &hellip; <a href=\"https:\/\/sportoveotuzovanie.sk\/priehrady-a-jazera\/\" class=\"more-link\">Pokra\u010dova\u0165 na <span class=\"screen-reader-text\">Priehrady a jazer\u00e1<\/span> <span class=\"meta-nav\">&rarr;<\/span><\/a><\/p>\n","protected":false},"author":1,"featured_media":0,"parent":0,"menu_order":0,"comment_status":"closed","ping_status":"closed","template":"","meta":{"_crdt_document":"","footnotes":""},"class_list":["post-2782","page","type-page","status-publish","hentry"],"_links":{"self":[{"href":"https:\/\/sportoveotuzovanie.sk\/wp-json\/wp\/v2\/pages\/2782","targetHints":{"allow":["GET"]}}],"collection":[{"href":"https:\/\/sportoveotuzovanie.sk\/wp-json\/wp\/v2\/pages"}],"about":[{"href":"https:\/\/sportoveotuzovanie.sk\/wp-json\/wp\/v2\/types\/page"}],"author":[{"embeddable":true,"href":"https:\/\/sportoveotuzovanie.sk\/wp-json\/wp\/v2\/users\/1"}],"replies":[{"embeddable":true,"href":"https:\/\/sportoveotuzovanie.sk\/wp-json\/wp\/v2\/comments?post=2782"}],"version-history":[{"count":6,"href":"https:\/\/sportoveotuzovanie.sk\/wp-json\/wp\/v2\/pages\/2782\/revisions"}],"predecessor-version":[{"id":2841,"href":"https:\/\/sportoveotuzovanie.sk\/wp-json\/wp\/v2\/pages\/2782\/revisions\/2841"}],"wp:attachment":[{"href":"https:\/\/sportoveotuzovanie.sk\/wp-json\/wp\/v2\/media?parent=2782"}],"curies":[{"name":"wp","href":"https:\/\/api.w.org\/{rel}","templated":true}]}}